{"id":1748,"date":"2026-03-22T14:37:07","date_gmt":"2026-03-22T14:37:07","guid":{"rendered":"https:\/\/srv95520.seohost.com.pl\/wierszezycia\/?page_id=1748"},"modified":"2026-03-22T15:37:03","modified_gmt":"2026-03-22T15:37:03","slug":"wideo-2","status":"publish","type":"page","link":"https:\/\/srv95520.seohost.com.pl\/wierszezycia\/wideo-2\/","title":{"rendered":"Filmy"},"content":{"rendered":"\n<p class=\"has-text-align-center has-text-color has-link-color wp-elements-f8487f2fb029306189a838ad53839096\" style=\"color:#5d3939;font-size:17px;font-style:italic;font-weight:800;letter-spacing:0.5px\">Premiera tomiku &#8211; Krak\u00f3w 15.02.2026  <\/p>\n\n\n\n<p class=\"has-text-align-center has-text-color has-link-color wp-elements-709c6785015cc0a27de5f76d75b12ccb\" style=\"color:#5d3939;font-size:17px;font-style:italic;font-weight:700;letter-spacing:0.5px\">OKRUCHY \u0141EZ MI\u0141O\u015aCI &#8211; Tryptyk o rzeczach istotnych &#8211;<\/p>\n\n\n\n<p class=\"has-text-color has-link-color wp-elements-f2bb46f5f4bde4fed3570c1e9f17e563\" style=\"color:#5d3939;font-size:17px;letter-spacing:0.5px\">Cz\u0119\u015b\u0107 pierwsza<\/p>\n\n\n\n<figure class=\"wp-block-video\"><video height=\"480\" style=\"aspect-ratio: 638 \/ 480;\" width=\"638\" controls src=\"https:\/\/srv95520.seohost.com.pl\/wierszezycia\/wp-content\/uploads\/2026\/03\/Czesc-1.mp4\"><\/video><\/figure>\n\n\n\n<div style=\"height:17px\" aria-hidden=\"true\" class=\"wp-block-spacer\"><\/div>\n\n\n\n<p class=\"has-text-color has-link-color wp-elements-f23dfa9bbc6d971c64a250c2486c54f4\" style=\"color:#5d3939;font-size:17px;letter-spacing:0.5px\">Cz\u0119\u015b\u0107 druga<\/p>\n\n\n\n<figure class=\"wp-block-video\"><video height=\"640\" style=\"aspect-ratio: 852 \/ 640;\" width=\"852\" controls src=\"https:\/\/srv95520.seohost.com.pl\/wierszezycia\/wp-content\/uploads\/2026\/03\/Czesc-2.mp4\"><\/video><\/figure>\n\n\n\n<hr class=\"wp-block-separator has-alpha-channel-opacity is-style-wide\"\/>\n","protected":false},"excerpt":{"rendered":"<p>Premiera tomiku &#8211; Krak\u00f3w 15.02.2026 OKRUCHY \u0141EZ MI\u0141O\u015aCI &#8211; Tryptyk o rzeczach istotnych &#8211; Cz\u0119\u015b\u0107 pierwsza Cz\u0119\u015b\u0107 druga<\/p>\n","protected":false},"author":1,"featured_media":0,"parent":0,"menu_order":0,"comment_status":"closed","ping_status":"closed","template":"","meta":{"footnotes":""},"class_list":["post-1748","page","type-page","status-publish","hentry"],"_links":{"self":[{"href":"https:\/\/srv95520.seohost.com.pl\/wierszezycia\/wp-json\/wp\/v2\/pages\/1748","targetHints":{"allow":["GET"]}}],"collection":[{"href":"https:\/\/srv95520.seohost.com.pl\/wierszezycia\/wp-json\/wp\/v2\/pages"}],"about":[{"href":"https:\/\/srv95520.seohost.com.pl\/wierszezycia\/wp-json\/wp\/v2\/types\/page"}],"author":[{"embeddable":true,"href":"https:\/\/srv95520.seohost.com.pl\/wierszezycia\/wp-json\/wp\/v2\/users\/1"}],"replies":[{"embeddable":true,"href":"https:\/\/srv95520.seohost.com.pl\/wierszezycia\/wp-json\/wp\/v2\/comments?post=1748"}],"version-history":[{"count":4,"href":"https:\/\/srv95520.seohost.com.pl\/wierszezycia\/wp-json\/wp\/v2\/pages\/1748\/revisions"}],"predecessor-version":[{"id":1753,"href":"https:\/\/srv95520.seohost.com.pl\/wierszezycia\/wp-json\/wp\/v2\/pages\/1748\/revisions\/1753"}],"wp:attachment":[{"href":"https:\/\/srv95520.seohost.com.pl\/wierszezycia\/wp-json\/wp\/v2\/media?parent=1748"}],"curies":[{"name":"wp","href":"https:\/\/api.w.org\/{rel}","templated":true}]}}